{"id":2,"date":"2022-04-07T12:07:17","date_gmt":"2022-04-07T15:07:17","guid":{"rendered":"http:\/\/uaisucos-com-br.umbler.net\/?page_id=2"},"modified":"2023-08-23T13:52:00","modified_gmt":"2023-08-23T16:52:00","slug":"pagina-exemplo","status":"publish","type":"page","link":"http:\/\/uaisucos.com.br\/","title":{"rendered":"Sobre n\u00f3s"},"content":{"rendered":"\t\t<div data-elementor-type=\"wp-page\" data-elementor-id=\"2\" class=\"elementor elementor-2\">\n\t\t\t\t\t\t\t\t\t<section class=\"elementor-section elementor-top-section elementor-element elementor-element-14edd85 elementor-section-boxed elementor-section-height-default elementor-section-height-default\" data-id=\"14edd85\" data-element_type=\"section\">\n\t\t\t\t\t\t<div class=\"elementor-container elementor-column-gap-default\">\n\t\t\t\t\t<div class=\"elementor-column elementor-col-100 elementor-top-column elementor-element elementor-element-2b46c3e\" data-id=\"2b46c3e\" data-element_type=\"column\">\n\t\t\t<div class=\"elementor-widget-wrap elementor-element-populated\">\n\t\t\t\t\t\t\t\t<div class=\"elementor-element elementor-element-63782851 elementor-widget elementor-widget-text-editor\" data-id=\"63782851\" data-element_type=\"widget\" data-widget_type=\"text-editor.default\">\n\t\t\t\t<div class=\"elementor-widget-container\">\n\t\t\t<style>\/*! elementor - v3.18.0 - 20-12-2023 *\/\n.elementor-widget-text-editor.elementor-drop-cap-view-stacked .elementor-drop-cap{background-color:#69727d;color:#fff}.elementor-widget-text-editor.elementor-drop-cap-view-framed .elementor-drop-cap{color:#69727d;border:3px solid;background-color:transparent}.elementor-widget-text-editor:not(.elementor-drop-cap-view-default) .elementor-drop-cap{margin-top:8px}.elementor-widget-text-editor:not(.elementor-drop-cap-view-default) .elementor-drop-cap-letter{width:1em;height:1em}.elementor-widget-text-editor .elementor-drop-cap{float:left;text-align:center;line-height:1;font-size:50px}.elementor-widget-text-editor .elementor-drop-cap-letter{display:inline-block}<\/style>\t\t\t\t<!-- wp:paragraph -->\n<p>H\u00e1 mais de uma d\u00e9cada distribuindo produtos de excel\u00eancia no mercado mineiro. Atendendo com qualidade, compromisso e agilidade nossos clientes, parceiros e amigos.<\/p>\n<!-- \/wp:paragraph --><!-- wp:paragraph -->\n<h4><strong><a>MISS\u00c3O:<\/a>\u00a0<\/strong><\/h4>\n<!-- \/wp:paragraph --><!-- wp:paragraph -->\n<p>Prestar servi\u00e7os de distribui\u00e7\u00e3o com excel\u00eancia, oferecendo ao cliente produtos e servi\u00e7os de qualidade assegurando a sustentabilidade do neg\u00f3cio.<\/p>\n<!-- \/wp:paragraph --><!-- wp:paragraph -->\n<p>\u00a0<\/p>\n<!-- \/wp:paragraph --><!-- wp:paragraph -->\n<h4><strong><a>VALORES:<\/a><\/strong><\/h4>\n<!-- \/wp:paragraph --><!-- wp:paragraph -->\n<p>Fazer o melhor junto aos nossos clientes, fornecedores e colaboradores. <em>(S\u00e3o as pessoas o grande diferencial que torna tudo poss\u00edvel)<\/em><\/p>\n<!-- \/wp:paragraph --><!-- wp:paragraph -->\n<p>Satisfa\u00e7\u00e3o dos clientes <em>(<\/em><em>\u00c9 a raz\u00e3o da exist\u00eancia de qualquer neg\u00f3cio)<\/em><\/p>\n<!-- \/wp:paragraph --><!-- wp:paragraph -->\n<p>Qualidade no Atendimento<\/p>\n<!-- \/wp:paragraph --><!-- wp:paragraph -->\n<p>Comprometimento<\/p>\n<!-- \/wp:paragraph --><!-- wp:paragraph -->\n<p>\u00a0<\/p>\n<!-- \/wp:paragraph --><!-- wp:paragraph {\"textColor\":\"black\",\"fontSize\":\"normal\"} -->\n<h4 class=\"has-black-color has-text-color has-normal-font-size\"><strong><a>PRINCIPIOS:<\/a>\u00a0<\/strong><\/h4>\n<!-- \/wp:paragraph --><!-- wp:paragraph -->\n<p>\u00c9tica<\/p>\n<!-- \/wp:paragraph --><!-- wp:paragraph -->\n<p>Credibilidade<\/p>\n<!-- \/wp:paragraph --><!-- wp:paragraph -->\n<p>Responsabilidade<\/p>\n<!-- \/wp:paragraph --><!-- wp:paragraph -->\n<p>Comprometimento<\/p>\n<!-- \/wp:paragraph --><!-- wp:paragraph -->\n<p>Qualidade<\/p>\n<!-- \/wp:paragraph --><!-- wp:paragraph -->\n<p>Sustentabilidade<\/p>\n<!-- \/wp:paragraph --><!-- wp:paragraph -->\n<p>Satisfa\u00e7\u00e3o<\/p>\n<!-- \/wp:paragraph --><!-- wp:separator --><hr \/><!-- \/wp:separator --><!-- wp:paragraph -->\n<p>\u00a0<\/p>\n<!-- \/wp:paragraph -->\t\t\t\t\t\t<\/div>\n\t\t\t\t<\/div>\n\t\t\t\t\t<\/div>\n\t\t<\/div>\n\t\t\t\t\t\t\t<\/div>\n\t\t<\/section>\n\t\t\t\t\t\t\t<\/div>\n\t\t","protected":false},"excerpt":{"rendered":"<p>H\u00e1 mais de uma d\u00e9cada distribuindo produtos de excel\u00eancia no mercado mineiro. Atendendo com qualidade, compromisso e agilidade nossos clientes, parceiros e amigos. MISS\u00c3O:\u00a0 Prestar servi\u00e7os de distribui\u00e7\u00e3o com excel\u00eancia, oferecendo ao cliente produtos e servi\u00e7os de qualidade assegurando a sustentabilidade do neg\u00f3cio. \u00a0 VALORES: Fazer o melhor junto aos nossos clientes, fornecedores e colaboradores. [&hellip;]<\/p>\n","protected":false},"author":1,"featured_media":0,"parent":0,"menu_order":0,"comment_status":"closed","ping_status":"closed","template":"","meta":{"site-sidebar-layout":"default","site-content-layout":"","ast-site-content-layout":"default","site-content-style":"default","site-sidebar-style":"default","ast-global-header-display":"","ast-banner-title-visibility":"","ast-main-header-display":"","ast-hfb-above-header-display":"","ast-hfb-below-header-display":"","ast-hfb-mobile-header-display":"","site-post-title":"","ast-breadcrumbs-content":"","ast-featured-img":"","footer-sml-layout":"","ast-disable-related-posts":"","theme-transparent-header-meta":"","adv-header-id-meta":"","stick-header-meta":"","header-above-stick-meta":"","header-main-stick-meta":"","header-below-stick-meta":"","astra-migrate-meta-layouts":"set","ast-page-background-enabled":"default","ast-page-background-meta":{"desktop":{"background-color":"var(--ast-global-color-4)","background-image":"","background-repeat":"repeat","background-position":"center center","background-size":"auto","background-attachment":"scroll","background-type":"","background-media":"","overlay-type":"","overlay-color":"","overlay-opacity":"","overlay-gradient":""},"tablet":{"background-color":"","background-image":"","background-repeat":"repeat","background-position":"center center","background-size":"auto","background-attachment":"scroll","background-type":"","background-media":"","overlay-type":"","overlay-color":"","overlay-opacity":"","overlay-gradient":""},"mobile":{"background-color":"","background-image":"","background-repeat":"repeat","background-position":"center center","background-size":"auto","background-attachment":"scroll","background-type":"","background-media":"","overlay-type":"","overlay-color":"","overlay-opacity":"","overlay-gradient":""}},"ast-content-background-meta":{"desktop":{"background-color":"var(--ast-global-color-5)","background-image":"","background-repeat":"repeat","background-position":"center center","background-size":"auto","background-attachment":"scroll","background-type":"","background-media":"","overlay-type":"","overlay-color":"","overlay-opacity":"","overlay-gradient":""},"tablet":{"background-color":"var(--ast-global-color-5)","background-image":"","background-repeat":"repeat","background-position":"center center","background-size":"auto","background-attachment":"scroll","background-type":"","background-media":"","overlay-type":"","overlay-color":"","overlay-opacity":"","overlay-gradient":""},"mobile":{"background-color":"var(--ast-global-color-5)","background-image":"","background-repeat":"repeat","background-position":"center center","background-size":"auto","background-attachment":"scroll","background-type":"","background-media":"","overlay-type":"","overlay-color":"","overlay-opacity":"","overlay-gradient":""}},"footnotes":"","_joinchat":[]},"_links":{"self":[{"href":"http:\/\/uaisucos.com.br\/index.php?rest_route=\/wp\/v2\/pages\/2"}],"collection":[{"href":"http:\/\/uaisucos.com.br\/index.php?rest_route=\/wp\/v2\/pages"}],"about":[{"href":"http:\/\/uaisucos.com.br\/index.php?rest_route=\/wp\/v2\/types\/page"}],"author":[{"embeddable":true,"href":"http:\/\/uaisucos.com.br\/index.php?rest_route=\/wp\/v2\/users\/1"}],"replies":[{"embeddable":true,"href":"http:\/\/uaisucos.com.br\/index.php?rest_route=%2Fwp%2Fv2%2Fcomments&post=2"}],"version-history":[{"count":16,"href":"http:\/\/uaisucos.com.br\/index.php?rest_route=\/wp\/v2\/pages\/2\/revisions"}],"predecessor-version":[{"id":371,"href":"http:\/\/uaisucos.com.br\/index.php?rest_route=\/wp\/v2\/pages\/2\/revisions\/371"}],"wp:attachment":[{"href":"http:\/\/uaisucos.com.br\/index.php?rest_route=%2Fwp%2Fv2%2Fmedia&parent=2"}],"curies":[{"name":"wp","href":"https:\/\/api.w.org\/{rel}","templated":true}]}}